{"id":2,"date":"2024-03-20T22:09:07","date_gmt":"2024-03-21T01:09:07","guid":{"rendered":"http:\/\/karinmozena.onovoparadigma.online\/?page_id=2"},"modified":"2024-03-24T09:17:12","modified_gmt":"2024-03-24T12:17:12","slug":"pagina-exemplo","status":"publish","type":"page","link":"https:\/\/karinmozena.onovoparadigma.online\/index.php\/pagina-exemplo\/","title":{"rendered":"Karin Mozena"},"content":{"rendered":"\n<p>Figura P\u00fablica: Karin Mozena. Mestre em Psicanalise com Especializa\u00e7\u00e3o em Psican\u00e1lise e Psicologia, Graduanda em Biomedicina. Desde 2012 diversas obras sobre materialismo hist\u00f3rico, alta filosofia, fic\u00e7\u00e3o, teologia, fenomenologia e psican\u00e1lise pura.<\/p>\n\n\n\n<p>Metaf\u00edsica!<\/p>\n\n\n\n<blockquote class=\"wp-block-quote\">\n<p>A regra da metaf\u00edsica de base \u00e9 simples e em si perfeita t\u00e3o<br>quanto justa no seu pr\u00f3prio manifesto. Ela parte do limitado e<br>ilimitado ao mesmo tempo e sobreposto, logo se a realidade \u00e9 de<br>forma a ser concreta (limite) o sonho \u00e9 abstrado (ilimitado) da<br>mesma forma que enquanto no concreto temos a forma como ela \u00e9<br>(limite) no sonho temos as possibilidades (ilimitado) e assim o<br>sonho se torna algo necess\u00e1rio e concreto (limite) para ser na forma<br>como ela \u00e9 poss\u00edvel (ilimitado) e assim temos sobre esta base<br>simpl\u00f3ria de exemplo a pr\u00f3pria possibilidade de criar e n\u00e3o ficar em<br>apenas um ponto eternamente e est\u00e1ticos, mas com senso e ju\u00edzo na<br>raz\u00e3o.<\/p>\n<cite>A Raz\u00e3o, O Senso e o Esp\u00edrito Parte II &#8211; O Discurso do M\u00e9todo de Ren\u00e9 Descartes em Nota.<\/cite><\/blockquote>\n\n\n\n<p>&#8230;um Compelxo:<\/p>\n\n\n\n<blockquote class=\"wp-block-quote\">\n<p><\/p>\n\n\n\n<p>E aquele som, aquela letra soava em sua ostra, bem dentro<br>de sua ostra e constantemente na sua especifica e mais sutil<br>ostra no dia a dia ao qual ela n\u00e3o entendia o significado de<br>sua imanente sensa\u00e7\u00e3o necess\u00e1ria.<br><\/p>\n\n\n\n<p>\u2018\u2026Drogas que o m\u00e9dico me indicou<br>Suaves sensa\u00e7\u00f5es sem fim,<br>Quero me manter neste lago para sempre,<br><\/p>\n\n\n\n<p>Me trancar em seu interior frio,<br>Oh, Deus, aqui tudo me aquece.<br>Ponha em mim minhas m\u00e3os,<br><\/p>\n\n\n\n<p>Venha para o quarto meu amor,<br>Sinta meu \u00fatero meu amor,<br>Sorria para mim meu amor,<br><\/p>\n\n\n\n<p>N\u00e3o quero dormir sozinha\u2026<\/p>\n<cite>Complexo de Afrodite<\/cite><\/blockquote>\n\n\n\n<p>Conte a Eles, Alice!<\/p>\n\n\n\n<blockquote class=\"wp-block-quote\">\n<p>&#8211; Pocket!<\/p>\n\n\n\n<p><br>Como ent\u00e3o Bergson paradigmiza isto?<\/p>\n\n\n\n<p><br>\u201c\u2026Oposto ao tempo f\u00edsico ou sucess\u00e3o divis\u00edvel que \u00e9<br>pass\u00edvel de ser calculado e analisado pela ci\u00eancia, o<br>tempo vivido \u00e9 incompreens\u00edvel para a intelig\u00eancia<br>l\u00f3gica por ser qualitativo, enquanto o tempo f\u00edsico \u00e9<br>quantitativo\u2026.\u201d <\/p>\n\n\n\n<p>&#8211; Paradigmiza?<\/p>\n\n\n\n<p><br>Dane-se agora vale tudo! Enfim, o indivis\u00edvel (&#8230;)<\/p>\n<cite>Conte a Eles Alice: Os V Axiomas Euclidianos.<\/cite><\/blockquote>\n\n\n\n<figure class=\"wp-block-image size-large\"><img loading=\"lazy\" decoding=\"async\" width=\"1024\" height=\"576\" src=\"https:\/\/karinmozena.onovoparadigma.online\/wp-content\/uploads\/2024\/03\/Apresentacao-Portfolio-Ugc-Creator-Minimalista-Laranja-e-Branco-1024x576.jpg\" alt=\"\" class=\"wp-image-161\" srcset=\"https:\/\/karinmozena.onovoparadigma.online\/wp-content\/uploads\/2024\/03\/Apresentacao-Portfolio-Ugc-Creator-Minimalista-Laranja-e-Branco-1024x576.jpg 1024w, https:\/\/karinmozena.onovoparadigma.online\/wp-content\/uploads\/2024\/03\/Apresentacao-Portfolio-Ugc-Creator-Minimalista-Laranja-e-Branco-300x169.jpg 300w, https:\/\/karinmozena.onovoparadigma.online\/wp-content\/uploads\/2024\/03\/Apresentacao-Portfolio-Ugc-Creator-Minimalista-Laranja-e-Branco-768x432.jpg 768w, https:\/\/karinmozena.onovoparadigma.online\/wp-content\/uploads\/2024\/03\/Apresentacao-Portfolio-Ugc-Creator-Minimalista-Laranja-e-Branco-1536x864.jpg 1536w, https:\/\/karinmozena.onovoparadigma.online\/wp-content\/uploads\/2024\/03\/Apresentacao-Portfolio-Ugc-Creator-Minimalista-Laranja-e-Branco.jpg 1920w\" sizes=\"(max-width: 1024px) 100vw, 1024px\" \/><\/figure>\n","protected":false},"excerpt":{"rendered":"<p>Figura P\u00fablica: Karin Mozena. Mestre em Psicanalise com Especializa\u00e7\u00e3o em Psican\u00e1lise e Psicologia, Graduanda em Biomedicina. Desde 2012 diversas obras sobre materialismo hist\u00f3rico, alta filosofia, fic\u00e7\u00e3o, teologia, fenomenologia e psican\u00e1lise pura. Metaf\u00edsica! A regra da metaf\u00edsica de base \u00e9 simples e em si perfeita t\u00e3oquanto justa no seu pr\u00f3prio manifesto. Ela parte do limitado eilimitado [&hellip;]<\/p>\n","protected":false},"author":1,"featured_media":0,"parent":0,"menu_order":0,"comment_status":"closed","ping_status":"open","template":"","meta":{"_monsterinsights_skip_tracking":false,"_monsterinsights_sitenote_active":false,"_monsterinsights_sitenote_note":"","_monsterinsights_sitenote_category":0,"footnotes":""},"aioseo_notices":[],"_links":{"self":[{"href":"https:\/\/karinmozena.onovoparadigma.online\/index.php\/wp-json\/wp\/v2\/pages\/2"}],"collection":[{"href":"https:\/\/karinmozena.onovoparadigma.online\/index.php\/wp-json\/wp\/v2\/pages"}],"about":[{"href":"https:\/\/karinmozena.onovoparadigma.online\/index.php\/wp-json\/wp\/v2\/types\/page"}],"author":[{"embeddable":true,"href":"https:\/\/karinmozena.onovoparadigma.online\/index.php\/wp-json\/wp\/v2\/users\/1"}],"replies":[{"embeddable":true,"href":"https:\/\/karinmozena.onovoparadigma.online\/index.php\/wp-json\/wp\/v2\/comments?post=2"}],"version-history":[{"count":5,"href":"https:\/\/karinmozena.onovoparadigma.online\/index.php\/wp-json\/wp\/v2\/pages\/2\/revisions"}],"predecessor-version":[{"id":164,"href":"https:\/\/karinmozena.onovoparadigma.online\/index.php\/wp-json\/wp\/v2\/pages\/2\/revisions\/164"}],"wp:attachment":[{"href":"https:\/\/karinmozena.onovoparadigma.online\/index.php\/wp-json\/wp\/v2\/media?parent=2"}],"curies":[{"name":"wp","href":"https:\/\/api.w.org\/{rel}","templated":true}]}}