{"id":173,"date":"2024-03-24T09:35:22","date_gmt":"2024-03-24T12:35:22","guid":{"rendered":"https:\/\/karinmozena.onovoparadigma.online\/?page_id=173"},"modified":"2024-04-21T17:31:58","modified_gmt":"2024-04-21T20:31:58","slug":"artigos","status":"publish","type":"page","link":"https:\/\/karinmozena.onovoparadigma.online\/index.php\/artigos\/","title":{"rendered":"Artigos"},"content":{"rendered":"\n<p><\/p>\n\n\n\n<figure class=\"wp-block-image size-large is-resized\"><img loading=\"lazy\" decoding=\"async\" width=\"1024\" height=\"1024\" src=\"https:\/\/karinmozena.onovoparadigma.online\/wp-content\/uploads\/2024\/03\/Foto-de-perfil-para-redes-sociais-gradiente-simples-1024x1024.jpg\" alt=\"\" class=\"wp-image-158\" style=\"width:231px;height:auto\" srcset=\"https:\/\/karinmozena.onovoparadigma.online\/wp-content\/uploads\/2024\/03\/Foto-de-perfil-para-redes-sociais-gradiente-simples-1024x1024.jpg 1024w, https:\/\/karinmozena.onovoparadigma.online\/wp-content\/uploads\/2024\/03\/Foto-de-perfil-para-redes-sociais-gradiente-simples-300x300.jpg 300w, https:\/\/karinmozena.onovoparadigma.online\/wp-content\/uploads\/2024\/03\/Foto-de-perfil-para-redes-sociais-gradiente-simples-150x150.jpg 150w, https:\/\/karinmozena.onovoparadigma.online\/wp-content\/uploads\/2024\/03\/Foto-de-perfil-para-redes-sociais-gradiente-simples-768x768.jpg 768w, https:\/\/karinmozena.onovoparadigma.online\/wp-content\/uploads\/2024\/03\/Foto-de-perfil-para-redes-sociais-gradiente-simples-100x100.jpg 100w, https:\/\/karinmozena.onovoparadigma.online\/wp-content\/uploads\/2024\/03\/Foto-de-perfil-para-redes-sociais-gradiente-simples-350x350.jpg 350w, https:\/\/karinmozena.onovoparadigma.online\/wp-content\/uploads\/2024\/03\/Foto-de-perfil-para-redes-sociais-gradiente-simples.jpg 1080w\" sizes=\"(max-width: 1024px) 100vw, 1024px\" \/><\/figure>\n\n\n\n<figure class=\"wp-block-embed is-type-wp-embed is-provider-author-karin-mozena wp-block-embed-author-karin-mozena\"><div class=\"wp-block-embed__wrapper\">\n<blockquote class=\"wp-embedded-content\" data-secret=\"ttaz3PJVvy\"><a href=\"https:\/\/karinmozena.onovoparadigma.online\/index.php\/2024\/03\/21\/artigo-as-escritas-de-freud\/\">As escritas de Freud e o caminho da Supervis\u00e3o Cl\u00ednica Did\u00e1tica Contempor\u00e2nea<\/a><\/blockquote><iframe class=\"wp-embedded-content\" sandbox=\"allow-scripts\" security=\"restricted\" style=\"position: absolute; clip: rect(1px, 1px, 1px, 1px);\" title=\"&#8220;As escritas de Freud e o caminho da Supervis\u00e3o Cl\u00ednica Did\u00e1tica Contempor\u00e2nea&#8221; &#8212; Author: Karin Mozena\" src=\"https:\/\/karinmozena.onovoparadigma.online\/index.php\/2024\/03\/21\/artigo-as-escritas-de-freud\/embed\/#?secret=d4N6Jho60z#?secret=ttaz3PJVvy\" data-secret=\"ttaz3PJVvy\" width=\"500\" height=\"282\" frameborder=\"0\" marginwidth=\"0\" marginheight=\"0\" scrolling=\"no\"><\/iframe>\n<\/div><\/figure>\n\n\n\n<figure class=\"wp-block-embed is-type-wp-embed is-provider-author-karin-mozena wp-block-embed-author-karin-mozena\"><div class=\"wp-block-embed__wrapper\">\n<blockquote class=\"wp-embedded-content\" data-secret=\"AFBtUjtSCd\"><a href=\"https:\/\/karinmozena.onovoparadigma.online\/index.php\/2024\/04\/21\/tabela-narcisista-x-psicopatia\/\">Tabela Narcisista x Psicopatia<\/a><\/blockquote><iframe class=\"wp-embedded-content\" sandbox=\"allow-scripts\" security=\"restricted\" style=\"position: absolute; clip: rect(1px, 1px, 1px, 1px);\" title=\"&#8220;Tabela Narcisista x Psicopatia&#8221; &#8212; Author: Karin Mozena\" src=\"https:\/\/karinmozena.onovoparadigma.online\/index.php\/2024\/04\/21\/tabela-narcisista-x-psicopatia\/embed\/#?secret=yETvrPHGGM#?secret=AFBtUjtSCd\" data-secret=\"AFBtUjtSCd\" width=\"500\" height=\"282\" frameborder=\"0\" marginwidth=\"0\" marginheight=\"0\" scrolling=\"no\"><\/iframe>\n<\/div><\/figure>\n\n\n\n<figure class=\"wp-block-image size-large\"><img loading=\"lazy\" decoding=\"async\" width=\"1024\" height=\"576\" src=\"https:\/\/karinmozena.onovoparadigma.online\/wp-content\/uploads\/2024\/03\/Apresentacao-Portfolio-Ugc-Creator-Minimalista-Laranja-e-Branco-1024x576.jpg\" alt=\"\" class=\"wp-image-161\" srcset=\"https:\/\/karinmozena.onovoparadigma.online\/wp-content\/uploads\/2024\/03\/Apresentacao-Portfolio-Ugc-Creator-Minimalista-Laranja-e-Branco-1024x576.jpg 1024w, https:\/\/karinmozena.onovoparadigma.online\/wp-content\/uploads\/2024\/03\/Apresentacao-Portfolio-Ugc-Creator-Minimalista-Laranja-e-Branco-300x169.jpg 300w, https:\/\/karinmozena.onovoparadigma.online\/wp-content\/uploads\/2024\/03\/Apresentacao-Portfolio-Ugc-Creator-Minimalista-Laranja-e-Branco-768x432.jpg 768w, https:\/\/karinmozena.onovoparadigma.online\/wp-content\/uploads\/2024\/03\/Apresentacao-Portfolio-Ugc-Creator-Minimalista-Laranja-e-Branco-1536x864.jpg 1536w, https:\/\/karinmozena.onovoparadigma.online\/wp-content\/uploads\/2024\/03\/Apresentacao-Portfolio-Ugc-Creator-Minimalista-Laranja-e-Branco.jpg 1920w\" sizes=\"(max-width: 1024px) 100vw, 1024px\" \/><\/figure>\n","protected":false},"excerpt":{"rendered":"","protected":false},"author":1,"featured_media":63,"parent":0,"menu_order":0,"comment_status":"closed","ping_status":"closed","template":"","meta":{"_monsterinsights_skip_tracking":false,"_monsterinsights_sitenote_active":false,"_monsterinsights_sitenote_note":"","_monsterinsights_sitenote_category":0,"footnotes":""},"aioseo_notices":[],"_links":{"self":[{"href":"https:\/\/karinmozena.onovoparadigma.online\/index.php\/wp-json\/wp\/v2\/pages\/173"}],"collection":[{"href":"https:\/\/karinmozena.onovoparadigma.online\/index.php\/wp-json\/wp\/v2\/pages"}],"about":[{"href":"https:\/\/karinmozena.onovoparadigma.online\/index.php\/wp-json\/wp\/v2\/types\/page"}],"author":[{"embeddable":true,"href":"https:\/\/karinmozena.onovoparadigma.online\/index.php\/wp-json\/wp\/v2\/users\/1"}],"replies":[{"embeddable":true,"href":"https:\/\/karinmozena.onovoparadigma.online\/index.php\/wp-json\/wp\/v2\/comments?post=173"}],"version-history":[{"count":4,"href":"https:\/\/karinmozena.onovoparadigma.online\/index.php\/wp-json\/wp\/v2\/pages\/173\/revisions"}],"predecessor-version":[{"id":284,"href":"https:\/\/karinmozena.onovoparadigma.online\/index.php\/wp-json\/wp\/v2\/pages\/173\/revisions\/284"}],"wp:featuredmedia":[{"embeddable":true,"href":"https:\/\/karinmozena.onovoparadigma.online\/index.php\/wp-json\/wp\/v2\/media\/63"}],"wp:attachment":[{"href":"https:\/\/karinmozena.onovoparadigma.online\/index.php\/wp-json\/wp\/v2\/media?parent=173"}],"curies":[{"name":"wp","href":"https:\/\/api.w.org\/{rel}","templated":true}]}}