{"id":151,"date":"2024-03-24T08:59:29","date_gmt":"2024-03-24T11:59:29","guid":{"rendered":"https:\/\/karinmozena.onovoparadigma.online\/?page_id=151"},"modified":"2024-04-21T17:30:15","modified_gmt":"2024-04-21T20:30:15","slug":"colecao-dos-genios","status":"publish","type":"page","link":"https:\/\/karinmozena.onovoparadigma.online\/index.php\/colecao-dos-genios\/","title":{"rendered":"Cole\u00e7\u00e3o dos G\u00eanios"},"content":{"rendered":"\n<figure class=\"wp-block-image size-large is-resized\"><img loading=\"lazy\" decoding=\"async\" width=\"1024\" height=\"1024\" src=\"https:\/\/karinmozena.onovoparadigma.online\/wp-content\/uploads\/2024\/03\/3-1024x1024.png\" alt=\"\" class=\"wp-image-66\" style=\"width:187px;height:auto\" srcset=\"https:\/\/karinmozena.onovoparadigma.online\/wp-content\/uploads\/2024\/03\/3-1024x1024.png 1024w, https:\/\/karinmozena.onovoparadigma.online\/wp-content\/uploads\/2024\/03\/3-300x300.png 300w, https:\/\/karinmozena.onovoparadigma.online\/wp-content\/uploads\/2024\/03\/3-150x150.png 150w, https:\/\/karinmozena.onovoparadigma.online\/wp-content\/uploads\/2024\/03\/3-768x768.png 768w, https:\/\/karinmozena.onovoparadigma.online\/wp-content\/uploads\/2024\/03\/3-100x100.png 100w, https:\/\/karinmozena.onovoparadigma.online\/wp-content\/uploads\/2024\/03\/3-350x350.png 350w, https:\/\/karinmozena.onovoparadigma.online\/wp-content\/uploads\/2024\/03\/3.png 1080w\" sizes=\"(max-width: 1024px) 100vw, 1024px\" \/><\/figure>\n\n\n\n<figure class=\"wp-block-embed is-type-wp-embed is-provider-author-karin-mozena wp-block-embed-author-karin-mozena\"><div class=\"wp-block-embed__wrapper\">\n<blockquote class=\"wp-embedded-content\" data-secret=\"IfawlzMcCV\"><a href=\"https:\/\/karinmozena.onovoparadigma.online\/index.php\/2024\/03\/22\/a-razao-o-senso-parte-i\/\">A Raz\u00e3o, o Senso e o Esp\u00edrito: O Problema Perceptivo das Cruzadas &#8211; Parte I<\/a><\/blockquote><iframe class=\"wp-embedded-content\" sandbox=\"allow-scripts\" security=\"restricted\" style=\"position: absolute; clip: rect(1px, 1px, 1px, 1px);\" title=\"&#8220;A Raz\u00e3o, o Senso e o Esp\u00edrito: O Problema Perceptivo das Cruzadas &#8211; Parte I&#8221; &#8212; Author: Karin Mozena\" src=\"https:\/\/karinmozena.onovoparadigma.online\/index.php\/2024\/03\/22\/a-razao-o-senso-parte-i\/embed\/#?secret=3scLCwgtWY#?secret=IfawlzMcCV\" data-secret=\"IfawlzMcCV\" width=\"500\" height=\"282\" frameborder=\"0\" marginwidth=\"0\" marginheight=\"0\" scrolling=\"no\"><\/iframe>\n<\/div><\/figure>\n\n\n\n<figure class=\"wp-block-embed is-type-wp-embed is-provider-author-karin-mozena wp-block-embed-author-karin-mozena\"><div class=\"wp-block-embed__wrapper\">\n<blockquote class=\"wp-embedded-content\" data-secret=\"uRaqSQNkXR\"><a href=\"https:\/\/karinmozena.onovoparadigma.online\/index.php\/2024\/03\/22\/a-razao-o-senso-parte-ii\/\">A Raz\u00e3o, o Senso e o Esp\u00edrito: Discurso do M\u00e9todo em Nota &#8211; Parte II<\/a><\/blockquote><iframe class=\"wp-embedded-content\" sandbox=\"allow-scripts\" security=\"restricted\" style=\"position: absolute; clip: rect(1px, 1px, 1px, 1px);\" title=\"&#8220;A Raz\u00e3o, o Senso e o Esp\u00edrito: Discurso do M\u00e9todo em Nota &#8211; Parte II&#8221; &#8212; Author: Karin Mozena\" src=\"https:\/\/karinmozena.onovoparadigma.online\/index.php\/2024\/03\/22\/a-razao-o-senso-parte-ii\/embed\/#?secret=kp20aONZUF#?secret=uRaqSQNkXR\" data-secret=\"uRaqSQNkXR\" width=\"500\" height=\"282\" frameborder=\"0\" marginwidth=\"0\" marginheight=\"0\" scrolling=\"no\"><\/iframe>\n<\/div><\/figure>\n\n\n\n<figure class=\"wp-block-embed is-type-wp-embed is-provider-author-karin-mozena wp-block-embed-author-karin-mozena\"><div class=\"wp-block-embed__wrapper\">\n<blockquote class=\"wp-embedded-content\" data-secret=\"ZUPIm4bp7T\"><a href=\"https:\/\/karinmozena.onovoparadigma.online\/index.php\/2024\/03\/22\/discurso-e-sofistica\/\">Discurso e Sof\u00edstica: Cosmogonia, Cosmologia e Sof\u00edstica<\/a><\/blockquote><iframe class=\"wp-embedded-content\" sandbox=\"allow-scripts\" security=\"restricted\" style=\"position: absolute; clip: rect(1px, 1px, 1px, 1px);\" title=\"&#8220;Discurso e Sof\u00edstica: Cosmogonia, Cosmologia e Sof\u00edstica&#8221; &#8212; Author: Karin Mozena\" src=\"https:\/\/karinmozena.onovoparadigma.online\/index.php\/2024\/03\/22\/discurso-e-sofistica\/embed\/#?secret=e8m7ny7zrc#?secret=ZUPIm4bp7T\" data-secret=\"ZUPIm4bp7T\" width=\"500\" height=\"282\" frameborder=\"0\" marginwidth=\"0\" marginheight=\"0\" scrolling=\"no\"><\/iframe>\n<\/div><\/figure>\n\n\n\n<figure class=\"wp-block-embed is-type-wp-embed is-provider-author-karin-mozena wp-block-embed-author-karin-mozena\"><div class=\"wp-block-embed__wrapper\">\n<blockquote class=\"wp-embedded-content\" data-secret=\"1EK5OYioh8\"><a href=\"https:\/\/karinmozena.onovoparadigma.online\/index.php\/2024\/03\/20\/nietszche-e-o-anticristo-que-acorrenta\/\">Nietzsche e o Anticristo que Acorrenta<\/a><\/blockquote><iframe class=\"wp-embedded-content\" sandbox=\"allow-scripts\" security=\"restricted\" style=\"position: absolute; clip: rect(1px, 1px, 1px, 1px);\" title=\"&#8220;Nietzsche e o Anticristo que Acorrenta&#8221; &#8212; Author: Karin Mozena\" src=\"https:\/\/karinmozena.onovoparadigma.online\/index.php\/2024\/03\/20\/nietszche-e-o-anticristo-que-acorrenta\/embed\/#?secret=D5WTNxYtOj#?secret=1EK5OYioh8\" data-secret=\"1EK5OYioh8\" width=\"500\" height=\"282\" frameborder=\"0\" marginwidth=\"0\" marginheight=\"0\" scrolling=\"no\"><\/iframe>\n<\/div><\/figure>\n\n\n\n<figure class=\"wp-block-embed is-type-wp-embed is-provider-author-karin-mozena wp-block-embed-author-karin-mozena\"><div class=\"wp-block-embed__wrapper\">\n<blockquote class=\"wp-embedded-content\" data-secret=\"dUbtMFbvnU\"><a href=\"https:\/\/karinmozena.onovoparadigma.online\/index.php\/2024\/03\/20\/o-futuro-social-de-heidegger\/\">O Futuro Social de Heidegger<\/a><\/blockquote><iframe class=\"wp-embedded-content\" sandbox=\"allow-scripts\" security=\"restricted\" style=\"position: absolute; clip: rect(1px, 1px, 1px, 1px);\" title=\"&#8220;O Futuro Social de Heidegger&#8221; &#8212; Author: Karin Mozena\" src=\"https:\/\/karinmozena.onovoparadigma.online\/index.php\/2024\/03\/20\/o-futuro-social-de-heidegger\/embed\/#?secret=SbHYTNi5AH#?secret=dUbtMFbvnU\" data-secret=\"dUbtMFbvnU\" width=\"500\" height=\"282\" frameborder=\"0\" marginwidth=\"0\" marginheight=\"0\" scrolling=\"no\"><\/iframe>\n<\/div><\/figure>\n\n\n\n<figure class=\"wp-block-embed is-type-wp-embed is-provider-author-karin-mozena wp-block-embed-author-karin-mozena\"><div class=\"wp-block-embed__wrapper\">\n<blockquote class=\"wp-embedded-content\" data-secret=\"mQxUknRKiF\"><a href=\"https:\/\/karinmozena.onovoparadigma.online\/index.php\/2024\/03\/22\/marx-e-engels-contra-a-ideologia-alema\/\">Marx e Engels CONTRA a Ideologia Alem\u00e3<\/a><\/blockquote><iframe class=\"wp-embedded-content\" sandbox=\"allow-scripts\" security=\"restricted\" style=\"position: absolute; clip: rect(1px, 1px, 1px, 1px);\" title=\"&#8220;Marx e Engels CONTRA a Ideologia Alem\u00e3&#8221; &#8212; Author: Karin Mozena\" src=\"https:\/\/karinmozena.onovoparadigma.online\/index.php\/2024\/03\/22\/marx-e-engels-contra-a-ideologia-alema\/embed\/#?secret=FNtObSuc0D#?secret=mQxUknRKiF\" data-secret=\"mQxUknRKiF\" width=\"500\" height=\"282\" frameborder=\"0\" marginwidth=\"0\" marginheight=\"0\" scrolling=\"no\"><\/iframe>\n<\/div><\/figure>\n\n\n\n<figure class=\"wp-block-image size-large\"><img loading=\"lazy\" decoding=\"async\" width=\"1024\" height=\"576\" src=\"https:\/\/karinmozena.onovoparadigma.online\/wp-content\/uploads\/2024\/03\/Apresentacao-Portfolio-Ugc-Creator-Minimalista-Laranja-e-Branco-1024x576.jpg\" alt=\"\" class=\"wp-image-161\" srcset=\"https:\/\/karinmozena.onovoparadigma.online\/wp-content\/uploads\/2024\/03\/Apresentacao-Portfolio-Ugc-Creator-Minimalista-Laranja-e-Branco-1024x576.jpg 1024w, https:\/\/karinmozena.onovoparadigma.online\/wp-content\/uploads\/2024\/03\/Apresentacao-Portfolio-Ugc-Creator-Minimalista-Laranja-e-Branco-300x169.jpg 300w, https:\/\/karinmozena.onovoparadigma.online\/wp-content\/uploads\/2024\/03\/Apresentacao-Portfolio-Ugc-Creator-Minimalista-Laranja-e-Branco-768x432.jpg 768w, https:\/\/karinmozena.onovoparadigma.online\/wp-content\/uploads\/2024\/03\/Apresentacao-Portfolio-Ugc-Creator-Minimalista-Laranja-e-Branco-1536x864.jpg 1536w, https:\/\/karinmozena.onovoparadigma.online\/wp-content\/uploads\/2024\/03\/Apresentacao-Portfolio-Ugc-Creator-Minimalista-Laranja-e-Branco.jpg 1920w\" sizes=\"(max-width: 1024px) 100vw, 1024px\" \/><\/figure>\n","protected":false},"excerpt":{"rendered":"","protected":false},"author":1,"featured_media":63,"parent":0,"menu_order":0,"comment_status":"closed","ping_status":"closed","template":"","meta":{"_monsterinsights_skip_tracking":false,"_monsterinsights_sitenote_active":false,"_monsterinsights_sitenote_note":"","_monsterinsights_sitenote_category":0,"footnotes":""},"aioseo_notices":[],"_links":{"self":[{"href":"https:\/\/karinmozena.onovoparadigma.online\/index.php\/wp-json\/wp\/v2\/pages\/151"}],"collection":[{"href":"https:\/\/karinmozena.onovoparadigma.online\/index.php\/wp-json\/wp\/v2\/pages"}],"about":[{"href":"https:\/\/karinmozena.onovoparadigma.online\/index.php\/wp-json\/wp\/v2\/types\/page"}],"author":[{"embeddable":true,"href":"https:\/\/karinmozena.onovoparadigma.online\/index.php\/wp-json\/wp\/v2\/users\/1"}],"replies":[{"embeddable":true,"href":"https:\/\/karinmozena.onovoparadigma.online\/index.php\/wp-json\/wp\/v2\/comments?post=151"}],"version-history":[{"count":4,"href":"https:\/\/karinmozena.onovoparadigma.online\/index.php\/wp-json\/wp\/v2\/pages\/151\/revisions"}],"predecessor-version":[{"id":293,"href":"https:\/\/karinmozena.onovoparadigma.online\/index.php\/wp-json\/wp\/v2\/pages\/151\/revisions\/293"}],"wp:featuredmedia":[{"embeddable":true,"href":"https:\/\/karinmozena.onovoparadigma.online\/index.php\/wp-json\/wp\/v2\/media\/63"}],"wp:attachment":[{"href":"https:\/\/karinmozena.onovoparadigma.online\/index.php\/wp-json\/wp\/v2\/media?parent=151"}],"curies":[{"name":"wp","href":"https:\/\/api.w.org\/{rel}","templated":true}]}}